{"id":136,"date":"2025-08-12T13:04:35","date_gmt":"2025-08-12T11:04:35","guid":{"rendered":"https:\/\/www.centre-boujean.ch\/contact\/"},"modified":"2025-10-31T16:00:32","modified_gmt":"2025-10-31T15:00:32","slug":"contact","status":"publish","type":"page","link":"https:\/\/www.centre-boujean.ch\/fr\/contact\/","title":{"rendered":"Contact"},"content":{"rendered":"\t\t<div data-elementor-type=\"wp-page\" data-elementor-id=\"136\" class=\"elementor elementor-136 elementor-131\" data-elementor-post-type=\"page\">\n\t\t\t\t\t\t<section class=\"elementor-section elementor-top-section elementor-element elementor-element-2defffb elementor-section-boxed ang-section-padding-initial elementor-section-height-default elementor-section-height-default elementor-repeater-item-none elementor-repeater-item-none_hover\" data-id=\"2defffb\" data-element_type=\"section\" data-e-type=\"section\">\n\t\t\t\t\t\t<div class=\"elementor-container elementor-column-gap-default\">\n\t\t\t\t\t<div class=\"elementor-column elementor-col-100 elementor-top-column elementor-element elementor-element-7697d03 elementor-repeater-item-none elementor-repeater-item-none_hover\" data-id=\"7697d03\" data-element_type=\"column\" data-e-type=\"column\">\n\t\t\t<div class=\"elementor-widget-wrap elementor-element-populated\">\n\t\t\t\t\t\t<div class=\"elementor-element elementor-element-3bf82cc elementor-repeater-item-none elementor-repeater-item-none_hover elementor-widget elementor-widget-heading\" data-id=\"3bf82cc\" data-element_type=\"widget\" data-e-type=\"widget\" data-widget_type=\"heading.default\">\n\t\t\t\t\t<h2 class=\"elementor-heading-title elementor-size-default\"><h2 style=\"text-align: center\">Adresse<\/h2><\/h2>\t\t\t\t<\/div>\n\t\t\t\t<div data-dce-text-color=\"#000000\" class=\"elementor-element elementor-element-af1617c elementor-repeater-item-none elementor-repeater-item-none_hover elementor-widget elementor-widget-text-editor\" data-id=\"af1617c\" data-element_type=\"widget\" data-e-type=\"widget\" data-widget_type=\"text-editor.default\">\n\t\t\t\t\t\t\t\t\t<p class=\"p1\" style=\"text-align: center;\">Centre Boujean<br \/>\nZ\u00fcrichstrasse 24 C<br \/>\n2504 Bienne<\/p>\n\t\t\t\t\t\t\t\t<\/div>\n\t\t\t\t\t<\/div>\n\t\t<\/div>\n\t\t\t\t\t<\/div>\n\t\t<\/section>\n\t\t\t\t<section data-dce-background-color=\"#E8E8E8\" class=\"elementor-section elementor-top-section elementor-element elementor-element-641f4c3 elementor-section-full_width elementor-section-stretched ang-section-padding-initial elementor-section-height-default elementor-section-height-default elementor-repeater-item-none elementor-repeater-item-none_hover\" data-id=\"641f4c3\" data-element_type=\"section\" data-e-type=\"section\" data-settings=\"{&quot;stretch_section&quot;:&quot;section-stretched&quot;,&quot;background_background&quot;:&quot;classic&quot;}\">\n\t\t\t\t\t\t<div class=\"elementor-container elementor-column-gap-default\">\n\t\t\t\t\t<div class=\"elementor-column elementor-col-100 elementor-top-column elementor-element elementor-element-ed983ab elementor-repeater-item-none elementor-repeater-item-none_hover\" data-id=\"ed983ab\" data-element_type=\"column\" data-e-type=\"column\">\n\t\t\t<div class=\"elementor-widget-wrap elementor-element-populated\">\n\t\t\t\t\t\t<div class=\"elementor-element elementor-element-cee6628 elementor-repeater-item-none elementor-repeater-item-none_hover elementor-widget elementor-widget-heading\" data-id=\"cee6628\" data-element_type=\"widget\" data-e-type=\"widget\" data-widget_type=\"heading.default\">\n\t\t\t\t\t<h2 class=\"elementor-heading-title elementor-size-default\"><h2 class=\"p1\" style=\"text-align: center\">Magasins individuels<\/h2><\/h2>\t\t\t\t<\/div>\n\t\t\t\t<div data-dce-text-color=\"#000000\" class=\"elementor-element elementor-element-8dbb535 elementor-repeater-item-none elementor-repeater-item-none_hover elementor-widget elementor-widget-text-editor\" data-id=\"8dbb535\" data-element_type=\"widget\" data-e-type=\"widget\" data-widget_type=\"text-editor.default\">\n\t\t\t\t\t\t\t\t\t<div class=\"\" style=\"text-align: center;\">Vous pouvez trouver les coordonn\u00e9es des diff\u00e9rents magasins du Centre Boujean sur la page <a href=\"https:\/\/www.centre-boujean.ch\/fr\/shops\/\">\u00ab Shops \u00bb<\/a>.<\/div>\n\t\t\t\t\t\t\t\t<\/div>\n\t\t\t\t\t<\/div>\n\t\t<\/div>\n\t\t\t\t\t<\/div>\n\t\t<\/section>\n\t\t\t\t<section class=\"elementor-section elementor-top-section elementor-element elementor-element-720f8af elementor-section-boxed ang-section-padding-initial elementor-section-height-default elementor-section-height-default elementor-repeater-item-none elementor-repeater-item-none_hover\" data-id=\"720f8af\" data-element_type=\"section\" data-e-type=\"section\">\n\t\t\t\t\t\t<div class=\"elementor-container elementor-column-gap-default\">\n\t\t\t\t\t<div class=\"elementor-column elementor-col-100 elementor-top-column elementor-element elementor-element-f707f20 elementor-repeater-item-none elementor-repeater-item-none_hover\" data-id=\"f707f20\" data-element_type=\"column\" data-e-type=\"column\">\n\t\t\t<div class=\"elementor-widget-wrap elementor-element-populated\">\n\t\t\t\t\t\t<div class=\"elementor-element elementor-element-4df6c99 elementor-repeater-item-none elementor-repeater-item-none_hover elementor-widget elementor-widget-heading\" data-id=\"4df6c99\" data-element_type=\"widget\" data-e-type=\"widget\" data-widget_type=\"heading.default\">\n\t\t\t\t\t<h2 class=\"elementor-heading-title elementor-size-default\"><h2 class=\"p1\" style=\"text-align: center\">Gestion du Centre<\/h2><\/h2>\t\t\t\t<\/div>\n\t\t\t\t<div data-dce-text-color=\"#000000\" class=\"elementor-element elementor-element-856a167 elementor-repeater-item-none elementor-repeater-item-none_hover elementor-widget elementor-widget-text-editor\" data-id=\"856a167\" data-element_type=\"widget\" data-e-type=\"widget\" data-widget_type=\"text-editor.default\">\n\t\t\t\t\t\t\t\t\t<div class=\"\" style=\"text-align: center;\"><span class=\"\">Maus Fr\u00e8res Shopping Center Management<\/span><\/div>\n<p><\/p>\n<div class=\"\" style=\"text-align: center;\"><span class=\"\">T\u00e9l\u00e9phone: +41 41 260 61 12<\/span><\/div>\n<p><\/p>\n<div class=\"\" style=\"text-align: center;\"><span class=\"\"><a class=\"\" href=\"mailto:info@emmencenter.ch\">info@emmencenter.ch<\/a><\/span><\/div>\n\t\t\t\t\t\t\t\t<\/div>\n\t\t\t\t\t<\/div>\n\t\t<\/div>\n\t\t\t\t\t<\/div>\n\t\t<\/section>\n\t\t\t\t<\/div>\n\t\t","protected":false},"excerpt":{"rendered":"<p>Adresse Centre Boujean Z\u00fcrichstrasse 24 C 2504 Bienne Magasins individuels Vous pouvez trouver les coordonn\u00e9es des diff\u00e9rents magasins du Centre Boujean sur la page \u00ab Shops \u00bb. Gestion du Centre Maus Fr\u00e8res Shopping Center Management T\u00e9l\u00e9phone: +41 41 260 61 12 info@emmencenter.ch<\/p>\n","protected":false},"author":3,"featured_media":285,"parent":0,"menu_order":0,"comment_status":"closed","ping_status":"closed","template":"","meta":{"_acf_changed":false,"footnotes":""},"class_list":["post-136","page","type-page","status-publish","has-post-thumbnail","hentry"],"acf":[],"publishpress_future_action":{"enabled":false,"date":"2026-05-09 16:09:09","action":"change-status","newStatus":"draft","terms":[],"taxonomy":"translation_priority","extraData":[]},"publishpress_future_workflow_manual_trigger":{"enabledWorkflows":[]},"_links":{"self":[{"href":"https:\/\/www.centre-boujean.ch\/fr\/wp-json\/wp\/v2\/pages\/136","targetHints":{"allow":["GET"]}}],"collection":[{"href":"https:\/\/www.centre-boujean.ch\/fr\/wp-json\/wp\/v2\/pages"}],"about":[{"href":"https:\/\/www.centre-boujean.ch\/fr\/wp-json\/wp\/v2\/types\/page"}],"author":[{"embeddable":true,"href":"https:\/\/www.centre-boujean.ch\/fr\/wp-json\/wp\/v2\/users\/3"}],"replies":[{"embeddable":true,"href":"https:\/\/www.centre-boujean.ch\/fr\/wp-json\/wp\/v2\/comments?post=136"}],"version-history":[{"count":1,"href":"https:\/\/www.centre-boujean.ch\/fr\/wp-json\/wp\/v2\/pages\/136\/revisions"}],"predecessor-version":[{"id":137,"href":"https:\/\/www.centre-boujean.ch\/fr\/wp-json\/wp\/v2\/pages\/136\/revisions\/137"}],"wp:featuredmedia":[{"embeddable":true,"href":"https:\/\/www.centre-boujean.ch\/fr\/wp-json\/wp\/v2\/media\/285"}],"wp:attachment":[{"href":"https:\/\/www.centre-boujean.ch\/fr\/wp-json\/wp\/v2\/media?parent=136"}],"curies":[{"name":"wp","href":"https:\/\/api.w.org\/{rel}","templated":true}]}}